{"id":448,"date":"2021-08-14T17:21:47","date_gmt":"2021-08-14T08:21:47","guid":{"rendered":"https:\/\/ahrms.jp\/news\/?page_id=448"},"modified":"2021-09-01T00:01:34","modified_gmt":"2021-08-31T15:01:34","slug":"official-affairs","status":"publish","type":"page","link":"https:\/\/ahrms.jp\/news\/official-affairs\/","title":{"rendered":"AHRMS English Site"},"content":{"rendered":"\n<p><a rel=\"noreferrer noopener\" href=\"https:\/\/ahrms.jp\/wp\/\" target=\"_blank\">https:\/\/ahrms.jp\/wp\/ <\/a>   Jump to AHRMS English Site ! <\/p>\n\n\n\n<figure class=\"wp-block-image size-full\"><img loading=\"lazy\" decoding=\"async\" width=\"504\" height=\"192\" src=\"https:\/\/ahrms.jp\/news\/wp-content\/uploads\/2021\/08\/AHRMS\u30ed\u30b4.png\" alt=\"\" class=\"wp-image-471\" srcset=\"https:\/\/ahrms.jp\/news\/wp-content\/uploads\/2021\/08\/AHRMS\u30ed\u30b4.png 504w, https:\/\/ahrms.jp\/news\/wp-content\/uploads\/2021\/08\/AHRMS\u30ed\u30b4-300x114.png 300w\" sizes=\"auto, (max-width: 504px) 100vw, 504px\" \/><\/figure>\n\n\n\n<p>Corporate Name: AHRMS,Inc.<br>CEO: Yuki Ujimasa, DVM, MS<br>Address: 3-10-9 Oyamadai, Setagaya-ku,Tokyo,Japan 158-0086<br>TEL. 03-6324-6781<br>FAX. 03-6324-6781<br>mail:info*ahrms.jp (*=@)<br>Form mail: <a href=\"https:\/\/ahrms.jp\/wp\/inquiry\/\">Here<\/a><br>Capital: JPY 5,000,000 <br>Foundation: January 2006<br>Main Bank: MUFG Bank<br>Affiliated companies: <br><a rel=\"noreferrer noopener\" href=\"https:\/\/vm3.jp\/news.\" target=\"_blank\">Vm3, Inc.\uff08Vm3.jp)<\/a>&nbsp;CEO<br><a rel=\"noreferrer noopener\" href=\"http:\/\/ebmtrading.com\/outline\/\" target=\"_blank\">EBM Trading Japan, K.K.<\/a> Board Director<\/p>\n\n\n\n<p>Business License:<br>               &#8211; Marketing License of 1st Animal Medicines incl. biologicals<br>               &#8211; Manufacturing License of Animal Medicines <br>               &#8211; Marketing License of 2nd Animal Medical Devices <br>               &#8211; Manufacturing License of Animal Medical Devices <br>               &#8211; Wholesale Lincense of Animal Medicines and Animal Medical Devices<br>               &#8211; Retail Lincense of Animal Medicines and Animal Medical Devices<br><br>AHRMS&#8217;s Business menu:<br>[Support for Clients\u2019 Business License Obtainment and Renewal]<br>&#8211; Manufacturing License of Animal Medicines \/ Medical Devices \/ Diagnostics<br>&#8211; Marketing License of Animal Medicines \/ Medical Devices \/ Diagnostics<br>&#8211; Wholesale License of Animal Medicines \/ Medical Devices \/ Diagnostics<br>&#8211; Retail License of Animal Medicines \/ Medical Devices \/ Diagnostics<br>&#8211; Foreign Manufacturer Accreditation and Renewal<\/p>\n\n\n\n<p>[Support for Marketing Authorization]<br>&#8211; Practical Support for Development of Veterinary Products, Veterinary Medical Equipment and Veterinary in vitro devices etc.<br>&#8211; Gap Analysis of Application Dossier between Japan and Europe\/USA<br>&#8211; Preparation of Preliminary Consultation Paper to J-MAFF<br>Consultation Service for Formulating Development Course<br>&#8211; Practical Support to Develop Dossier\/Summary Document\/Technical Documentation, etc.<br>&#8211; Practical Support for Hearing\/Investigation Committees (incl. participation) until getting Marketing Authorization<\/p>\n\n\n\n<p>[Support for Registration and Marketing of Animal Health Product]<br>We, AHRMS, Inc., maintain the following business licenses:<br>  &#8211; Importing and marketing license of animal medicines<br>  &#8211; Manufacturing (stock, package, and label) license of animal medicines<br>  &#8211; Importing and marketing license of Class II animal medical devices and in vitro diagnostics for animal use<br>  &#8211; Manufacturing license of Class II animal medical devices and in vitro diagnostics<br>  &#8211; Wholesale license of animal medicines, animal medical devices and diagnostics (to companion animal veterinarians, equine practitioners, and food animal vets)<br>  &#8211; Retail license of animal medicines and animal medical devices (to pet owners)<br>We register, import, stock, and label animal health products, ship them to veterinarians and\/or pet owners, track them and collect a bill.<br>Also, our clients can start business without any entities in Japan by appointing us as their D-MAH (designated marketing authorization holder).<br> <br>[Business Consulting]<br>&#8211; Strategy Formulation of New Market Creation<br>&#8211; Consultation Service for New Product Development and Launch<br>&#8211; Tailor-Made Market Research\/Industry Trend Research<br>&#8211; Intermediate Agent for Corporate Alliance, M&amp;A, etc.<br>&#8211; Partner Findings for New Entry into Japanese Market<br>&#8211; Establishment of Organization of Consortium<br>&#8211; Company training for new recruit, sales staff, etc.<br>&#8211; Market Research<br>&#8211; Product Registration Achievements (excerpt)<br>  &gt; Animal Drugs:<br>    &#8211; ACE Inhibitor for dogs<br>    &#8211; Carditant for dogs<br>    &#8211; NSAID (Non-steroidal anti-inflammatory drugs) for horses and dogs<br>    &#8211; Heartworm Preventive for dogs<br>    &#8211;  Prostaglandin F2Alpha analogue for cattle and swine<br>    &#8211; Wormers for horses, cows, and pigs<br> &gt; Biologicals<br>    &#8211; FeLV\/ FIV Diagnosis Kits for cats<br>    &#8211; In vitro Device for Echinococcus infections<br>&gt; Medical Devices:<br>    &#8211; Microchip identification needles for horses<br>    &#8211; Needle-free Injector<br>    &#8211; Automated injection machines<br>    &#8211; Biochemical Analyzer<br>    &#8211; Radio knife for surgery<\/p>\n\n\n\n<p>[Japanese Agent Business]<br> &#8211; D-MAH (Designated Marketing Authorization Holder)<br>&#8211; Act as Client\u2019s subsidiary in Japan<br>&#8211; Brakke Consulting, Inc. (2014-Present)<br>&#8211; Senior Consultant<br>&#8211; Intermediate Agent for Corporate Alliance, M&amp;A, etc.<br>&#8211; Market Research in the US, EU, and China<br>&#8211; Association of Veterinary Consultants, AVC (2018-Present)<br>&#8211; Vetnosis (UK) (2012-2021)<\/p>\n\n\n\n<p>[Public Affairs \/ Contracted Business]<br>&#8211; Japan Industry Representative, VICH Electric File Transfer Working Group (2013-Present\uff09<br>&#8211; Japan Industry Representative, VICH Pharmacovigilance Working Group (2008-Present\uff09<br>&#8211; Secretary General, Consortium for Japanese Veterinary Medicinal Products Manufacturers (2012-Present)<br>&#8211; Chairman, Committee for Mockup of Veterinary Diagnosis Kits by JMAFF (2014)<br>&#8211; Chairman, Committee for Mockup of Veterinary Medical Devices by JMAFF (2013)<br>&#8211; Consortium for Development of FMD Rapid Diagnosis Kit by JMAFF (2011)<br>&#8211; Consortium for Regulatory Reform of Animal Health Products (2010-2011)<br>&#8211; Consortium for International Harmonization of Animal Health Products (2010-2013)<br>&#8211; Committee for Promotion of Safe Use of Eco Feed (2009-2010)<br>&#8211; Preparation of Animal Health Products Marketing Approval Application Summary Report Exploratory Committee (2009)<br>&#8211; Committee for Establishment of Veterinary Information System about Pet Food Safety (2009)<br>&#8211; Development of Positive List Value Search System (2007)<\/p>\n\n\n\n<p>[Writing Career]<br>&#8211; Journal of the Japan Veterinary Medical Association No. 10, Vol. 72, Oct. 2019<br>&#8211; JVPA Digest Published by Japan Veterinary Products Association<br>(<a href=\"http:\/\/ahrms.jp\/e\/jvpadigest37.pdf\" data-type=\"URL\" data-id=\"http:\/\/ahrms.jp\/e\/jvpadigest37.pdf\">Trend of Restructuring Vet Pro Industry &amp; Current Status of Animal Business.pdf<\/a> :Special thanks to Zoetis for translation into English)<br>&#8211; Journal of the Japan Veterinary Medical Association<br><a href=\"http:\/\/nichiju.lin.gr.jp\/mag\/06501\/a2.pdf\" target=\"_blank\" rel=\"noreferrer noopener\">http:\/\/nichiju.lin.gr.jp\/mag\/06501\/a2.pdf<\/a> (Sorry in Japanese)<br>And many others<\/p>\n\n\n\n<p>[Lecture for Veterinarians in Japan and overseas countries  (excerpt)]<br>&gt; 2021<br>  &#8211; Marketing by Animal Hospitals in New Norrmal (after COVID-19) era<br>&gt; 2020<br>  &#8211; The Future Trend of Animal Medicines and Veterinary Services in Japan and The World<br>&gt; 2019<br>  &#8211; Regulatory Pathways and Market Access in Japan &#8211; Animal Health Innovation Asia 2019<br>  &#8211; Ethics and Risks in Prescription of Non-approved Medicines for Both of Human and Animals by Veterinarians under their Discretionary Power &amp; Global Counterfeit Distribution<br>&gt; 2018<br>  &#8211; Biotech Innovation in Japan (in Hong Kong)Animal Health Innovation Asia 2018 in Hong Kong<br> &#8211; The trend is changing. Do you realize how veterinary medicines will be?<br>&gt; 2017<br> &#8211; Ethics and Risks \u2013 Veterinarians\u2019 discretionary power<br>&gt; 2016<br> &#8211; Animal Medicines born in Japan, grown and bloomed in the World<br> &#8211; Sosi\u00e9t\u00e9 Franco-Japonaise des Sciences V\u00e9t\u00e9rinaries in Annecy, France<br>&gt; 2015<br> &#8211; How to Prepare for Pet Population Decreasing<br>&gt; 2014<br> &#8211; Japanese Animal Health Industry Overview<br>  (As Joint Seminar with Brakke Consulting, Inc. in Las Vegas, NV, USA)<br>&gt; 2013<br> &#8211; Current and Future Situation of Animal Health Industries<br>&gt; 2012<br> &#8211; Veterinary practices will be industrialized.<br> &#8211; Vets\u2019 Anti-Commodity Strategy &#8211; Dealing with Pet Population Decreasing<\/p>\n\n\n\n<p><\/p>\n\n\n\n<p><\/p>\n\n\n\n<p><\/p>\n","protected":false},"excerpt":{"rendered":"<p>https:\/\/ahrms.jp\/wp\/ Jump to AHRMS English Site ! Corporate Name: AHRMS,Inc.CEO: Yuki Ujimasa, DVM, MSAddress: &hellip; <\/p>\n<p class=\"link-more\"><a href=\"https:\/\/ahrms.jp\/news\/official-affairs\/\" class=\"more-link\"><span class=\"screen-reader-text\">&#8220;AHRMS English Site&#8221; \u306e<\/span>\u7d9a\u304d\u3092\u8aad\u3080<\/a><\/p>\n","protected":false},"author":1,"featured_media":0,"parent":0,"menu_order":0,"comment_status":"closed","ping_status":"closed","template":"","meta":{"footnotes":""},"class_list":["post-448","page","type-page","status-publish","hentry"],"_links":{"self":[{"href":"https:\/\/ahrms.jp\/news\/wp-json\/wp\/v2\/pages\/448","targetHints":{"allow":["GET"]}}],"collection":[{"href":"https:\/\/ahrms.jp\/news\/wp-json\/wp\/v2\/pages"}],"about":[{"href":"https:\/\/ahrms.jp\/news\/wp-json\/wp\/v2\/types\/page"}],"author":[{"embeddable":true,"href":"https:\/\/ahrms.jp\/news\/wp-json\/wp\/v2\/users\/1"}],"replies":[{"embeddable":true,"href":"https:\/\/ahrms.jp\/news\/wp-json\/wp\/v2\/comments?post=448"}],"version-history":[{"count":14,"href":"https:\/\/ahrms.jp\/news\/wp-json\/wp\/v2\/pages\/448\/revisions"}],"predecessor-version":[{"id":479,"href":"https:\/\/ahrms.jp\/news\/wp-json\/wp\/v2\/pages\/448\/revisions\/479"}],"wp:attachment":[{"href":"https:\/\/ahrms.jp\/news\/wp-json\/wp\/v2\/media?parent=448"}],"curies":[{"name":"wp","href":"https:\/\/api.w.org\/{rel}","templated":true}]}}